{"id":93,"date":"2015-08-06T15:35:35","date_gmt":"2015-08-06T13:35:35","guid":{"rendered":"http:\/\/osmutaa.splet.arnes.si\/?page_id=93"},"modified":"2021-09-07T10:42:34","modified_gmt":"2021-09-07T08:42:34","slug":"solska-skupnost","status":"publish","type":"page","link":"https:\/\/osmutaa.splet.arnes.si\/?page_id=93","title":{"rendered":"\u0160olska skupnost"},"content":{"rendered":"<p><span style=\"color: #000000\"><strong>Naloge \u0161olske skupnosti:<\/strong><\/span><\/p>\n<ul>\n<li><span style=\"color: #000000\">zbira pripombe in predloge oddel\u010dnih skupnosti v zvezi z delom na \u0161oli<\/span><\/li>\n<li><span style=\"color: #000000\">spremlja uresni\u010devanje pravic in dol\u017enosti u\u010dencev<\/span><\/li>\n<li><span style=\"color: #000000\">pomaga pri in\/ali organizira \u0161olske prireditve<\/span><\/li>\n<li><span style=\"color: #000000\">informira u\u010dence o svoji dejavnosti<\/span><\/li>\n<li><span style=\"color: #000000\">na\u010drtuje in organizira ter vklju\u010duje u\u010dence v razli\u010dne skupne akcije (npr. razne zbiralne akcije)<\/span><\/li>\n<li><span style=\"color: #000000\">predlaga izbolj\u0161ave bivalnega okolja (npr. urejena in \u010dista okolica \u0161ole; urejenost oglasne deske na \u0161oli, \u010disti hodniki) in sodeluje pri uresni\u010ditvi idej<\/span><\/li>\n<li><span style=\"color: #000000\">oblikuje predloge za pohvale in priznanja u\u010dencem<\/span><\/li>\n<li><span style=\"color: #000000\">opravlja druge naloge, za katere se dogovorijo u\u010denci.<\/span><\/li>\n<\/ul>\n<p><span style=\"color: #000000\"><strong>Cilji dela na\u0161e \u0161olske skupnosti: <\/strong><\/span><\/p>\n<ul>\n<li><span style=\"color: #000000\">U\u010denci razvijajo delovne navade in lastne sposobnosti.<\/span><\/li>\n<li><span style=\"color: #000000\">U\u010denci \u0161irijo in poglabljajo svoje znanje.<\/span><\/li>\n<li><span style=\"color: #000000\">U\u010denci oblikujejo zavest, da je posameznik dol\u017ean delati in ustvarjati toliko, kolikor najve\u010d zmore.<\/span><\/li>\n<li><span style=\"color: #000000\">U\u010denci razvijajo in poglabljajo u\u010dne interese in druge individualne sposobnosti.<\/span><\/li>\n<li><span style=\"color: #000000\">U\u010denci se usmerjajo k samoizobra\u017eevanju in smotrnemu izkori\u0161\u010danju prostega \u010dasa.<\/span><\/li>\n<li><span style=\"color: #000000\">U\u010denci razvijajo sposobnosti ustvarjalnega mi\u0161ljenja.<\/span><\/li>\n<li><span style=\"color: #000000\">U\u010denci bogatijo besedi\u0161\u010de.<\/span><\/li>\n<li><span style=\"color: #000000\">U\u010denci razvijajo bralno in pisno kulturo.<\/span><\/li>\n<li><span style=\"color: #000000\">Spodbujamo otrokov socialni razvoj.<\/span><\/li>\n<li><span style=\"color: #000000\">U\u010denci razvijajo zbranost, vztrajnost in strpnost.<\/span><\/li>\n<li><span style=\"color: #000000\">U\u010denci se u\u010dijo kriti\u010dnega vrednotenja.<\/span><\/li>\n<li><span style=\"color: #000000\">U\u010denci se zavedajo pomena njihovega delovanja za celotno \u0161olo.<\/span><\/li>\n<\/ul>\n<p><span style=\"color: #000000\">\u00a0<\/span><\/p>\n<p><span style=\"color: #000000\">\u00a0<\/span><\/p>\n<p><span style=\"color: #000000\">\u00a0<\/span><\/p>\n<p><span style=\"color: #000000\">\u00a0<\/span><\/p>\n","protected":false},"excerpt":{"rendered":"<p>Naloge \u0161olske skupnosti: zbira pripombe in predloge oddel\u010dnih skupnosti v zvezi z delom na \u0161oli spremlja uresni\u010devanje pravic in dol\u017enosti u\u010dencev pomaga pri in\/ali organizira \u0161olske prireditve informira u\u010dence o svoji dejavnosti na\u010drtuje in organizira ter vklju\u010duje u\u010dence v razli\u010dne skupne akcije (npr. razne zbiralne akcije) predlaga izbolj\u0161ave bivalnega okolja (npr. urejena in \u010dista okolica [&hellip;]<\/p>\n","protected":false},"author":5469,"featured_media":0,"parent":269,"menu_order":0,"comment_status":"closed","ping_status":"closed","template":"","meta":{"_et_pb_use_builder":"","_et_pb_old_content":"","_et_gb_content_width":"","ngg_post_thumbnail":0,"footnotes":""},"class_list":["post-93","page","type-page","status-publish","hentry"],"_links":{"self":[{"href":"https:\/\/osmutaa.splet.arnes.si\/index.php?rest_route=\/wp\/v2\/pages\/93","targetHints":{"allow":["GET"]}}],"collection":[{"href":"https:\/\/osmutaa.splet.arnes.si\/index.php?rest_route=\/wp\/v2\/pages"}],"about":[{"href":"https:\/\/osmutaa.splet.arnes.si\/index.php?rest_route=\/wp\/v2\/types\/page"}],"author":[{"embeddable":true,"href":"https:\/\/osmutaa.splet.arnes.si\/index.php?rest_route=\/wp\/v2\/users\/5469"}],"replies":[{"embeddable":true,"href":"https:\/\/osmutaa.splet.arnes.si\/index.php?rest_route=%2Fwp%2Fv2%2Fcomments&post=93"}],"version-history":[{"count":9,"href":"https:\/\/osmutaa.splet.arnes.si\/index.php?rest_route=\/wp\/v2\/pages\/93\/revisions"}],"predecessor-version":[{"id":11697,"href":"https:\/\/osmutaa.splet.arnes.si\/index.php?rest_route=\/wp\/v2\/pages\/93\/revisions\/11697"}],"up":[{"embeddable":true,"href":"https:\/\/osmutaa.splet.arnes.si\/index.php?rest_route=\/wp\/v2\/pages\/269"}],"wp:attachment":[{"href":"https:\/\/osmutaa.splet.arnes.si\/index.php?rest_route=%2Fwp%2Fv2%2Fmedia&parent=93"}],"curies":[{"name":"wp","href":"https:\/\/api.w.org\/{rel}","templated":true}]}}