{"id":90,"date":"2015-08-06T15:34:50","date_gmt":"2015-08-06T13:34:50","guid":{"rendered":"http:\/\/osmutaa.splet.arnes.si\/?page_id=90"},"modified":"2025-09-05T08:54:29","modified_gmt":"2025-09-05T06:54:29","slug":"sola-v-naravi","status":"publish","type":"page","link":"https:\/\/osmutaa.splet.arnes.si\/?page_id=90","title":{"rendered":"\u0160ola v naravi"},"content":{"rendered":"<p><span style=\"color: #000000\">\u0160ola bo tudi v tem \u0161olskem letu organizirala del pouka v naravi, kar je ena najzahtevnej\u0161ih oblik raz\u0161irjenega programa osnovne \u0161ole. Organiziranje te \u0161ole zahteva ogromno priprav, dodatne u\u010ditelje in seveda ve\u010dja finan\u010dna sredstva. Analiza dela \u0161ol v naravi je pokazala, da so to dobre oblike vzgoje, ki poka\u017eejo posebne oblike dru\u017eenja in izobra\u017eevanja, kar dobro in zelo pozitivno vpliva na odra\u0161\u010dajo\u010do mladino.<\/span><\/p>\n<p><span style=\"color: #000000\">V leto\u0161njem \u0161olskem letu na\u010drtujemo<\/span><\/p>\n<p><span style=\"color: #000000\">a) letno \u0161olo v naravi za u\u010dence 4. razreda<\/span><br \/>\n<span style=\"color: #000000\"> b) zimsko \u0161olo v naravi za u\u010dence 5. in 6. razreda<\/span><br \/>\n<span style=\"color: #000000\"> c) C\u0160OD za u\u010dence 7. razreda<\/span><\/p>\n<table style=\"width: 72.1388%;height: 92px\" border=\"1\" cellspacing=\"1\" cellpadding=\"1\" align=\"center\">\n<tbody>\n<tr style=\"height: 23px\">\n<td style=\"width: 26.988%;height: 23px\" align=\"left\">\n<div><span style=\"color: #000000\">VSEBINA<\/span><\/div>\n<\/td>\n<td style=\"width: 16.1446%\">\n<div align=\"center\"><span style=\"color: #000000\">KRAJ<\/span><\/div>\n<\/td>\n<td style=\"width: 25.0602%;height: 23px\" align=\"left\">\n<div align=\"center\"><span style=\"color: #000000\">RAZRED<\/span><\/div>\n<\/td>\n<td style=\"width: 15.1807%;height: 23px\" align=\"left\">\n<div align=\"center\"><span style=\"color: #000000\">TERMIN<\/span><\/div>\n<\/td>\n<td style=\"width: 30.9596%\">\n<div align=\"center\"><span style=\"color: #000000\">NOSILCI<\/span><\/div>\n<\/td>\n<\/tr>\n<tr style=\"height: 23px\">\n<td style=\"width: 26.988%;height: 23px\" align=\"left\"><span style=\"color: #000000\">Letna \u0161ola v naravi in te\u010daj plavanja<\/span><\/td>\n<td style=\"width: 16.1446%\"><span style=\"color: #000000\">Moravske Toplice<\/span><\/td>\n<td style=\"width: 25.0602%;height: 23px\" align=\"center\"><span style=\"color: #000000\">4. a, b<br \/>\n<\/span><\/td>\n<td style=\"width: 15.1807%;height: 23px\" align=\"center\"><span style=\"color: #000000\">25. \u2013 29. 5. 2026 <\/span><\/td>\n<td style=\"width: 30.9596%\"><span style=\"color: #000000\">Srebotnik, razredni\u010darki<\/span><\/td>\n<\/tr>\n<tr style=\"height: 23px\">\n<td style=\"width: 26.988%;height: 23px\" align=\"left\"><span style=\"color: #000000\">Zimska \u0161ola v naravi<\/span><\/td>\n<td style=\"width: 16.1446%\"><span style=\"color: #000000\">Kope<\/span><\/td>\n<td style=\"width: 25.0602%;height: 23px\" align=\"center\"><span style=\"color: #000000\">5. a, b&nbsp;<\/span><\/td>\n<td style=\"width: 15.1807%;height: 23px\" align=\"center\"><span style=\"color: #000000\">9. \u2013 13. 2. 2026<\/span><\/td>\n<td style=\"width: 30.9596%\"><span style=\"color: #000000\">Ledinek, razredni\u010darki<\/span><\/td>\n<\/tr>\n<tr style=\"height: 23px\">\n<td style=\"width: 26.988%;height: 23px\" align=\"left\"><span style=\"color: #000000\">Naravoslovna \u0161ola v naravi<\/span><\/td>\n<td style=\"width: 16.1446%\"><span style=\"color: #000000\">C\u0160OD Kavka<\/span><\/td>\n<td style=\"width: 25.0602%;height: 23px\" align=\"center\"><span style=\"color: #000000\">7. a, b<\/span><\/td>\n<td style=\"width: 15.1807%;height: 23px\" align=\"center\"><span style=\"color: #000000\">2. \u2013 6. 3. 2026<\/span><\/td>\n<td style=\"width: 30.9596%\"><span style=\"color: #000000\">Razredni\u010darki<\/span><\/td>\n<\/tr>\n<\/tbody>\n<\/table>\n<p>Dodatno<\/p>\n<table style=\"width: 72.2418%;height: 92px\" border=\"1\" cellspacing=\"1\" cellpadding=\"1\" align=\"center\">\n<tbody>\n<tr style=\"height: 23px\">\n<td style=\"width: 26.988%;height: 23px\" align=\"left\">\n<div><span style=\"color: #000000\">DEJAVNOST<\/span><\/div>\n<\/td>\n<td style=\"width: 16.1446%\">\n<div align=\"center\"><span style=\"color: #000000\">KRAJ<\/span><\/div>\n<\/td>\n<td style=\"width: 25.0602%;height: 23px\" align=\"left\">\n<div align=\"center\"><span style=\"color: #000000\">RAZRED<\/span><\/div>\n<\/td>\n<td style=\"width: 15.1807%;height: 23px\" align=\"left\">\n<div align=\"center\"><span style=\"color: #000000\">TERMIN<\/span><\/div>\n<\/td>\n<td style=\"width: 30.9534%\">\n<div align=\"center\"><span style=\"color: #000000\">NOSILCI<\/span><\/div>\n<\/td>\n<\/tr>\n<tr style=\"height: 23px\">\n<td style=\"width: 26.988%;height: 23px\" align=\"left\"><span style=\"color: #000000\">Jezikovne po\u010ditnice<\/span><\/td>\n<td style=\"width: 16.1446%\"><span style=\"color: #000000\">C\u0160OD Burja<\/span><\/td>\n<td style=\"width: 25.0602%;height: 23px\" align=\"center\"><span style=\"color: #000000\">8. razred<br \/>\n<\/span><\/td>\n<td style=\"width: 15.1807%;height: 23px\" align=\"center\"><span style=\"color: #000000\">Julij 2026<br \/>\n<\/span><\/td>\n<td style=\"width: 30.9534%\"><span style=\"color: #000000\">Natalija Er\u0161te Stra\u017ei\u0161nik, Anja Srebotnik<\/span><\/td>\n<\/tr>\n<tr style=\"height: 23px\">\n<td style=\"width: 26.988%;height: 23px\" align=\"left\"><span style=\"color: #000000\">Nem\u0161\u010dina &#8211; ekskurzija<\/span><\/td>\n<td style=\"width: 16.1446%\"><span style=\"color: #000000\">Gradec<\/span><\/td>\n<td style=\"width: 25.0602%;height: 23px\" align=\"center\"><span style=\"color: #000000\">8., 9. razredi (u\u010denci, ki obiskujejo IP-NEM)<\/span><\/td>\n<td style=\"width: 15.1807%;height: 23px\" align=\"center\"><span style=\"color: #000000\">predbo\u017ei\u010dni \u010das ali spomladi<\/span><\/td>\n<td style=\"width: 30.9534%\"><span style=\"color: #000000\">Natalija Er\u0161te Stra\u017ei\u0161nik<\/span><\/td>\n<\/tr>\n<\/tbody>\n<\/table>\n","protected":false},"excerpt":{"rendered":"<p>\u0160ola bo tudi v tem \u0161olskem letu organizirala del pouka v naravi, kar je ena najzahtevnej\u0161ih oblik raz\u0161irjenega programa osnovne \u0161ole. Organiziranje te \u0161ole zahteva ogromno priprav, dodatne u\u010ditelje in seveda ve\u010dja finan\u010dna sredstva. Analiza dela \u0161ol v naravi je pokazala, da so to dobre oblike vzgoje, ki poka\u017eejo posebne oblike dru\u017eenja in izobra\u017eevanja, kar [&hellip;]<\/p>\n","protected":false},"author":5469,"featured_media":0,"parent":269,"menu_order":0,"comment_status":"closed","ping_status":"closed","template":"","meta":{"_et_pb_use_builder":"","_et_pb_old_content":"","_et_gb_content_width":"","ngg_post_thumbnail":0,"footnotes":""},"class_list":["post-90","page","type-page","status-publish","hentry"],"_links":{"self":[{"href":"https:\/\/osmutaa.splet.arnes.si\/index.php?rest_route=\/wp\/v2\/pages\/90","targetHints":{"allow":["GET"]}}],"collection":[{"href":"https:\/\/osmutaa.splet.arnes.si\/index.php?rest_route=\/wp\/v2\/pages"}],"about":[{"href":"https:\/\/osmutaa.splet.arnes.si\/index.php?rest_route=\/wp\/v2\/types\/page"}],"author":[{"embeddable":true,"href":"https:\/\/osmutaa.splet.arnes.si\/index.php?rest_route=\/wp\/v2\/users\/5469"}],"replies":[{"embeddable":true,"href":"https:\/\/osmutaa.splet.arnes.si\/index.php?rest_route=%2Fwp%2Fv2%2Fcomments&post=90"}],"version-history":[{"count":15,"href":"https:\/\/osmutaa.splet.arnes.si\/index.php?rest_route=\/wp\/v2\/pages\/90\/revisions"}],"predecessor-version":[{"id":19342,"href":"https:\/\/osmutaa.splet.arnes.si\/index.php?rest_route=\/wp\/v2\/pages\/90\/revisions\/19342"}],"up":[{"embeddable":true,"href":"https:\/\/osmutaa.splet.arnes.si\/index.php?rest_route=\/wp\/v2\/pages\/269"}],"wp:attachment":[{"href":"https:\/\/osmutaa.splet.arnes.si\/index.php?rest_route=%2Fwp%2Fv2%2Fmedia&parent=90"}],"curies":[{"name":"wp","href":"https:\/\/api.w.org\/{rel}","templated":true}]}}