{"id":6421,"date":"2020-03-14T12:54:35","date_gmt":"2020-03-14T11:54:35","guid":{"rendered":"http:\/\/osmutaa.splet.arnes.si\/?page_id=6421"},"modified":"2022-08-31T20:10:13","modified_gmt":"2022-08-31T18:10:13","slug":"navodila-in-gradiva-za-delo-na-daljavo","status":"publish","type":"page","link":"https:\/\/osmutaa.splet.arnes.si\/?page_id=6421","title":{"rendered":"Navodila in gradiva za delo na daljavo"},"content":{"rendered":"<h3><span style=\"color: #0000ff\">&#8211;<\/span> <a href=\"http:\/\/osmutaa.splet.arnes.si\/files\/2020\/03\/Kultura-obna\u0161anja-na-spletu_Pravila-\u0161olskega-reda.pdf\" target=\"_blank\" rel=\"noopener noreferrer\"><strong><span style=\"color: #0000ff\">KULTURA OBNA\u0160ANJA NA SPLETU &#8211; PRAVILA \u0160OLSKEGA REDA<\/span><\/strong><\/a><\/h3>\n<hr>\n<h3><a href=\"http:\/\/osmutaa.splet.arnes.si\/files\/2020\/03\/Navodila-za-uporabo-Microsoft-Teams.pdf\" target=\"_blank\" rel=\"noopener noreferrer\"><span style=\"color: #ff0000\">&#8211; <strong>Navodila za uporabo aplikacije Microsoft Teams&nbsp;<\/strong><\/span><\/a><\/h3>\n<hr>\n<h3>&#8211;<strong> <a href=\"https:\/\/eucbeniki.sio.si\/\" target=\"_blank\" rel=\"noopener noreferrer\"><span style=\"color: #000000\">I-u\u010dbeniki<\/span><\/a><\/strong><\/h3>\n<h3>&nbsp;<\/h3>\n","protected":false},"excerpt":{"rendered":"<p>&#8211; KULTURA OBNA\u0160ANJA NA SPLETU &#8211; PRAVILA \u0160OLSKEGA REDA &#8211; Navodila za uporabo aplikacije Microsoft Teams&nbsp; &#8211; I-u\u010dbeniki &nbsp;<\/p>\n","protected":false},"author":5469,"featured_media":0,"parent":269,"menu_order":0,"comment_status":"closed","ping_status":"closed","template":"","meta":{"_et_pb_use_builder":"","_et_pb_old_content":"","_et_gb_content_width":"","ngg_post_thumbnail":0,"footnotes":""},"class_list":["post-6421","page","type-page","status-publish","hentry"],"_links":{"self":[{"href":"https:\/\/osmutaa.splet.arnes.si\/index.php?rest_route=\/wp\/v2\/pages\/6421","targetHints":{"allow":["GET"]}}],"collection":[{"href":"https:\/\/osmutaa.splet.arnes.si\/index.php?rest_route=\/wp\/v2\/pages"}],"about":[{"href":"https:\/\/osmutaa.splet.arnes.si\/index.php?rest_route=\/wp\/v2\/types\/page"}],"author":[{"embeddable":true,"href":"https:\/\/osmutaa.splet.arnes.si\/index.php?rest_route=\/wp\/v2\/users\/5469"}],"replies":[{"embeddable":true,"href":"https:\/\/osmutaa.splet.arnes.si\/index.php?rest_route=%2Fwp%2Fv2%2Fcomments&post=6421"}],"version-history":[{"count":26,"href":"https:\/\/osmutaa.splet.arnes.si\/index.php?rest_route=\/wp\/v2\/pages\/6421\/revisions"}],"predecessor-version":[{"id":13295,"href":"https:\/\/osmutaa.splet.arnes.si\/index.php?rest_route=\/wp\/v2\/pages\/6421\/revisions\/13295"}],"up":[{"embeddable":true,"href":"https:\/\/osmutaa.splet.arnes.si\/index.php?rest_route=\/wp\/v2\/pages\/269"}],"wp:attachment":[{"href":"https:\/\/osmutaa.splet.arnes.si\/index.php?rest_route=%2Fwp%2Fv2%2Fmedia&parent=6421"}],"curies":[{"name":"wp","href":"https:\/\/api.w.org\/{rel}","templated":true}]}}