{"id":4329,"date":"2018-10-18T20:39:30","date_gmt":"2018-10-18T18:39:30","guid":{"rendered":"http:\/\/osmutaa.splet.arnes.si\/?page_id=4329"},"modified":"2024-11-25T11:41:36","modified_gmt":"2024-11-25T10:41:36","slug":"inovativna-pedagogika-11","status":"publish","type":"page","link":"https:\/\/osmutaa.splet.arnes.si\/?page_id=4329","title":{"rendered":"Inovativna pedagogika 5.0"},"content":{"rendered":"<h2><strong>Inovativna pedagogika 5.0<\/strong><\/h2>\n<ol>\n<li><strong>\u0160ifra projekta NRP:&nbsp;<\/strong>3350-23-3503 &#8211; Inovativna pedagogika 5.0<\/li>\n<\/ol>\n<p><strong>RAZVOJNO PODRO\u010cJE<\/strong>&nbsp;<strong>C3:<\/strong>&nbsp;Pametna, trajnostna in vklju\u010dujo\u010da rast<\/p>\n<p><strong>KOMPONENTA<\/strong>&nbsp;<strong>K5:<\/strong>&nbsp;Krepitev kompetenc, zlasti digitalnih in tistih, ki jih zahtevajo novi poklici in zeleni prehod<\/p>\n<p><strong>INVESTICIJA E:<\/strong>&nbsp;Celovita transformacija (trajnosti in odpornosti) zelenega in digitalnega izobra\u017eevanja<\/p>\n<p><strong>NAZIV RAZPISA:&nbsp;<\/strong>\u00bbEksperimentalni projekti&nbsp;&nbsp;\u2013 celovit razvoj digitalnih kompetenc in temeljnih znanj ra\u010dunalni\u0161tva in informatike\u00ab<\/p>\n<p><strong>KRATEK NAZIV RAZPISA:&nbsp;<\/strong>Celovit razvoj digitalnih kompetenc in temeljnih znanj RIN<\/p>\n<p><strong>VSEBINSKO PODRO\u010cJE (SKLOP):&nbsp;<\/strong>SKLOP 1 &#8211; Transformacija pou\u010devanja in u\u010denja za \u017eivljenje v digitalni dobi<\/p>\n<p><strong>NOTRANJA ORGANIZACIJSKA ENOTA&nbsp;&nbsp;NA MINISTRSTVU:&nbsp;<\/strong>Slu\u017eba za digitalizacijo izobra\u017eevanja<\/p>\n<ol start=\"2\">\n<li><strong>Datum za\u010detka projekta:&nbsp;<\/strong>01. 9. 2023<\/li>\n<li><strong>Konec projekta:&nbsp;<\/strong>30. 06. 2026<\/li>\n<li><strong>Financer:&nbsp;<\/strong>Republika Slovenija, Ministrstvo za vzgojo in izobra\u017eevanje in Evropska unija \u2013 NextGenerationEU<\/li>\n<li><strong>Vrednost:&nbsp;<\/strong>3.300.000,00 EUR<\/li>\n<li><strong>Nosilna organizacija:&nbsp;<\/strong>Zavod Antona Martina Slom\u0161ka<\/li>\n<li><strong>Konzorcijski partnerji:&nbsp;<\/strong><a href=\"https:\/\/inovativna-sola.si\/konzorcij\/\"><strong>https:\/\/inovativna-sola.si\/konzorcij<\/strong><\/a><\/li>\n<li><strong>Koordinator projekta na VIZ:<\/strong> Natalija Er\u0161te Stra\u017ei\u0161nik, prof.<\/li>\n<li><strong> Predstavitev projekta:<\/strong><\/li>\n<\/ol>\n<p><a href=\"https:\/\/osmutaa.splet.arnes.si\/files\/2024\/11\/Inovativna-pedagogika-SLIKA.png\"><img loading=\"lazy\" decoding=\"async\" class=\"alignnone  wp-image-17962\" src=\"https:\/\/osmutaa.splet.arnes.si\/files\/2024\/11\/Inovativna-pedagogika-SLIKA-1024x480.png\" alt=\"\" width=\"515\" height=\"241\"><\/a><\/p>\n<p>Dru\u017ebene spremembe in \u017eivljenje v povezanem, hitro spreminjajo\u010dem se svetu (Dru\u017eba 5.0) postavljajo posameznika in dru\u017ebo pred mnoge izzive, ki jih ne moremo re\u0161iti le z uporabo ustaljenih vzorcev. Svetovni gospodarski forum, druge organizacije in delodajalci ne povpra\u0161ujejo le po kompetencah ustvarjalnosti, kriti\u010dnega razmi\u0161ljanja, re\u0161evanja problemov in ve\u0161\u010dinah, povezanih z razvojem in uporabo tehnologije, ampak dajejo vedno ve\u010dji poudarek tudi medosebnim in socialno-\u010dustvenim ve\u0161\u010dinam (Taksonomija 4.0). Slednje vklju\u010dujejo predvsem sposobnost sodelovanja, usklajevanja in u\u010dinkovitega komuniciranja z drugimi. Vloga izobra\u017eevanja bo tako morala biti priprava mladih na re\u0161evanje izzivov prihodnosti.<\/p>\n<p>Na podro\u010dju izobra\u017eevanja to pomeni odmik od ustaljenih vzorcev transmisije znanja k inoviranju lastne prakse in uvajanju inovativnih oblik pou\u010devanja in u\u010denja, ki bodo u\u010de\u010dim se omogo\u010dale razvijanje njihovih digitalnih kompetenc, temeljnih vsebin RIN, kriti\u010dnega mi\u0161ljenja, kreativnosti in ustvarjalnosti.<\/p>\n<p>Inoviranje lastne prakse pou\u010devanja in u\u010denja je soodvisno od usposobljenosti u\u010ditelja ter dostopne tehnologije. Z digitalno transformacijo izobra\u017eevanja\/pouka je mo\u010d pri u\u010diteljih spodbuditi uporabo u\u010dnih okolij in strategij pou\u010devanja, ki u\u010dencem omogo\u010dajo samostojno delo v digitalnem in inovativnem u\u010dnem okolju ter posledi\u010dno s tem pri u\u010dencih spodbujajo kriti\u010dno mi\u0161ljenje ter razvoj vi\u0161jih miselnih procesov. To pomeni spremenjen na\u010din pou\u010devanja, pri katerem dejavnosti od u\u010dencev zahtevajo, da kriti\u010dno razmi\u0161ljajo, vrednotijo, povezujejo in uporabljajo usvojene kompetence za re\u0161evanje problemov.<\/p>\n<p>Projekt Inovativna pedagogika 5.0 povezuje in nadgrajuje rezultate prej\u0161njih projektov, ki so \u017ee za\u010deli spreminjati tako u\u010dna okolja kot paradigmatske poglede na podro\u010dju pou\u010devanja, podprtega s sodobno tehnologijo v slovenskem prostoru, kot so E-\u0161olstvo, Inovativna pedagogika v lu\u010di kompetenc 21. stoletja 1:1, E-\u0161olska torba, EU-folio, ATS 2020, NA-Ma poti, Dvig digitalne kompetentnosti, SETCOM, A-SELFIE in drugi.<\/p>\n<p>V projektu bomo nadgrajevali rezultate, izku\u0161nje in smernice na podro\u010dju digitalnih kompetenc u\u010de\u010dih se in u\u010diteljev ter temeljnih vsebin ra\u010dunalni\u0161tva in informatike pri u\u010dencih in dijakih. Le to bomo dosegli s celostnim pristopom, upo\u0161tevajo\u010d vseh 7 temeljnih podro\u010dij sprememb. Za uspe\u0161no transformacijo in paradigmatske spremembe na podro\u010dju izobra\u017eevanja bomo pripravili inovativne u\u010dne scenarije, preko katerih bomo predstavili konkretne primere in pristope pou\u010devanja v lu\u010di dviga digitalnih kompetenc u\u010de\u010di se ter njihovih temeljnih znanj s podro\u010dja ra\u010dunalni\u0161tva in informatike. Le te bomo preizkusili na 40 izbranih VIZ-ih, z njihovimi inovativnimi oddelki in izbranim oddel\u010dnim u\u010diteljskim zborom. V pomo\u010d nam bodo zunanji izvajalci ter inovativna organiziranost dela, ki vklju\u010duje na\u010din povezovanja konzorcijskih partnerjev, na\u010din gradnje u\u010de\u010de se skupnosti, inovativni model izobra\u017eevanja u\u010diteljev ter napredno raziskovalno delo na podro\u010dju uvajanja sodobnih tehnologij v u\u010dni proces (od e-storitev in e-vsebin do umetne inteligence, navidezne in obogatene resni\u010dnosti, podro\u010dja humanoidnih robotov ipd.). Vklju\u010dena bo tudi neodvisna evalvacija, s katero bomo sproti preverjali zastavljene rezultate in kazalnike. Poleg same evalvacije bomo skrbeli tudi za u\u010dinkovito vodenje. S tak\u0161nim pristopom bomo pri\u0161li do modelov celovitega pristopa razvoja digitalnih kompetenc in temeljnih vsebin RIN u\u010de\u010dih se na VIZ, podprtih z ustreznimi didakti\u010dnimi priporo\u010dili.<\/p>\n<p>Za uspeh projekta so poleg usposabljanja u\u010diteljev in ravnateljev klju\u010dni u\u010dinkoviti \u0161olski razvojni timi, fleksibilna organizacija, distribuirano vodenje in vzpostavitev celovitega podpornega okolja, vklju\u010dno z infrastrukturo in strokovnimi ter u\u010de\u010dimi se e-skupnostmi. Le tako bomo lahko pri\u0161li do ustrezne ravni pou\u010devanja v inovativnih razredih in \u0161ir\u0161e, kjer bo v sredi\u0161\u010du pedago\u0161kega procesa razvoj u\u010den\u010devih digitalnih kompetenc ter temeljnih znanj RIN u\u010denca, v katerih bodo u\u010denci in dijaki prevzeli aktivno vlogo v vseh fazah u\u010dno-vzgojnega procesa od na\u010drtovanja do vrstni\u0161kega vrednotenja.<\/p>\n<p>Tak\u0161en pristop bo spodbujal in zagotavljal pridobivanje znanj in kompetenc potrebnih za digitalno transformacijo pou\u010devanja oziroma trajnostno digitalno prestrukturiranje pou\u010devanja in u\u010denja. V sklopu projekta tako \u017eelimo nadgraditi inovativne pristope pou\u010devanja podprte s tehnologijo na tak\u0161en na\u010din, ki bo odgovarjal na potrebe dru\u017ebe 5.0 in bo temeljil na spoznanjih industrije 4.0. To bo izvirni prispevek k stroki in znanosti, saj na tem podro\u010dju \u0161e ne obstaja tak\u0161en celovit model, ki bi za temelj digitalne transformacije \u0161ole postavil dvig digitalnih kompetenc u\u010de\u010dih se ter njihovih temeljnih vsebin RIN preko inovativnega modela permanentnega usposabljanja u\u010diteljev vklju\u010dno z u\u010de\u010dimi se skupnostmi.<\/p>\n<p><strong>Nalo\u017ebo sofinancirata Ministrstvo za vzgojo in izobra\u017eevanje in Evropska unija &#8211; <\/strong><\/p>\n<p><a href=\"https:\/\/www.gov.si\/zbirke\/projekti-in-programi\/nacrt-za-okrevanje-in-odpornost\/\"><strong>NextGenerationEU<\/strong><\/a><\/p>\n<p><a href=\"https:\/\/www.gov.si\/zbirke\/projekti-in-programi\/nacrt-za-okrevanje-in-odpornost\/\"><strong>Povezava na spletno mesto noo.gov.si<\/strong><\/a><\/p>\n<p><strong>&nbsp;<\/strong><\/p>\n<p style=\"text-align: center\"><a href=\"https:\/\/osmutaa.splet.arnes.si\/files\/2023\/10\/Posnetek-zaslona-2023-10-19-122518.jpg\"><img loading=\"lazy\" decoding=\"async\" class=\"alignnone size-full wp-image-15993\" src=\"https:\/\/osmutaa.splet.arnes.si\/files\/2023\/10\/Posnetek-zaslona-2023-10-19-122518.jpg\" alt=\"\" width=\"778\" height=\"62\" srcset=\"https:\/\/osmutaa.splet.arnes.si\/files\/2023\/10\/Posnetek-zaslona-2023-10-19-122518.jpg 778w, https:\/\/osmutaa.splet.arnes.si\/files\/2023\/10\/Posnetek-zaslona-2023-10-19-122518-480x38.jpg 480w\" sizes=\"(min-width: 0px) and (max-width: 480px) 480px, (min-width: 481px) 778px, 100vw\" \/><\/a><\/p>\n<p>&nbsp;<\/p>\n","protected":false},"excerpt":{"rendered":"<p>Inovativna pedagogika 5.0 \u0160ifra projekta NRP:&nbsp;3350-23-3503 &#8211; Inovativna pedagogika 5.0 RAZVOJNO PODRO\u010cJE&nbsp;C3:&nbsp;Pametna, trajnostna in vklju\u010dujo\u010da rast KOMPONENTA&nbsp;K5:&nbsp;Krepitev kompetenc, zlasti digitalnih in tistih, ki jih zahtevajo novi poklici in zeleni prehod INVESTICIJA E:&nbsp;Celovita transformacija (trajnosti in odpornosti) zelenega in digitalnega izobra\u017eevanja NAZIV RAZPISA:&nbsp;\u00bbEksperimentalni projekti&nbsp;&nbsp;\u2013 celovit razvoj digitalnih kompetenc in temeljnih znanj ra\u010dunalni\u0161tva in informatike\u00ab KRATEK NAZIV [&hellip;]<\/p>\n","protected":false},"author":6017,"featured_media":0,"parent":279,"menu_order":0,"comment_status":"closed","ping_status":"closed","template":"","meta":{"_et_pb_use_builder":"","_et_pb_old_content":"","_et_gb_content_width":"","ngg_post_thumbnail":0,"footnotes":""},"class_list":["post-4329","page","type-page","status-publish","hentry"],"_links":{"self":[{"href":"https:\/\/osmutaa.splet.arnes.si\/index.php?rest_route=\/wp\/v2\/pages\/4329","targetHints":{"allow":["GET"]}}],"collection":[{"href":"https:\/\/osmutaa.splet.arnes.si\/index.php?rest_route=\/wp\/v2\/pages"}],"about":[{"href":"https:\/\/osmutaa.splet.arnes.si\/index.php?rest_route=\/wp\/v2\/types\/page"}],"author":[{"embeddable":true,"href":"https:\/\/osmutaa.splet.arnes.si\/index.php?rest_route=\/wp\/v2\/users\/6017"}],"replies":[{"embeddable":true,"href":"https:\/\/osmutaa.splet.arnes.si\/index.php?rest_route=%2Fwp%2Fv2%2Fcomments&post=4329"}],"version-history":[{"count":8,"href":"https:\/\/osmutaa.splet.arnes.si\/index.php?rest_route=\/wp\/v2\/pages\/4329\/revisions"}],"predecessor-version":[{"id":17963,"href":"https:\/\/osmutaa.splet.arnes.si\/index.php?rest_route=\/wp\/v2\/pages\/4329\/revisions\/17963"}],"up":[{"embeddable":true,"href":"https:\/\/osmutaa.splet.arnes.si\/index.php?rest_route=\/wp\/v2\/pages\/279"}],"wp:attachment":[{"href":"https:\/\/osmutaa.splet.arnes.si\/index.php?rest_route=%2Fwp%2Fv2%2Fmedia&parent=4329"}],"curies":[{"name":"wp","href":"https:\/\/api.w.org\/{rel}","templated":true}]}}