{"id":40,"date":"2015-08-06T15:03:17","date_gmt":"2015-08-06T13:03:17","guid":{"rendered":"http:\/\/osmutaa.splet.arnes.si\/?page_id=40"},"modified":"2025-09-05T07:39:42","modified_gmt":"2025-09-05T05:39:42","slug":"organi-sole","status":"publish","type":"page","link":"https:\/\/osmutaa.splet.arnes.si\/?page_id=40","title":{"rendered":"Organi \u0161ole"},"content":{"rendered":"<div class=\"art-postcontent clearfix\">\n<div class=\"art-article\">\n<div class=\"art-postcontent clearfix\">\n<div class=\"art-article\">\n<p><span style=\"color: #000000\"><strong>ORGANIZACIJSKA SHEMA \u0160OLE<\/strong><\/span><\/p>\n<p><span style=\"color: #000000\">Pedago\u0161ki vodja in posvetovalni organ \u0161ole je <strong>ravnateljica<\/strong> Anita AMBRO\u017d, <strong>pomo\u010dnica<\/strong><\/span><br \/>\n<span style=\"color: #000000\"><strong>ravnateljice<\/strong> je mag. Helena BOH.<\/span><\/p>\n<p><span style=\"color: #000000\">Poleg ravnateljice je organ \u0161ole tudi <strong>svet \u0161ole<\/strong>, ki ga sestavljajo:<\/span><\/p>\n<p><span style=\"color: #000000\"><em>&#8211; trije predstavniki ustanovitelja:<br \/>\n<\/em>Bla\u017e KRAJNC, Miha URH, Primo\u017e TANDLER.<br \/>\n<em>&#8211; pet predstavnikov \u0161ole:<\/em><br \/>\nBranka PE\u010cOLAR BEGI\u0106, mag. Majda Marija LESJAK, Polonca DOBNIK, Nejc BABI\u010c in Vesna KOTA<br \/>\n<em>&#8211; trije predstavniki star\u0161ev:<\/em><br \/>\nSa\u0161o PAVLI\u010c (predsednik sveta star\u0161ev), Nace \u0160TRUC, Marko TOPOLOVEC<br \/>\n<strong>Svet star\u0161ev<\/strong> sestavljajo predstavniki star\u0161ev vsakega posameznega oddelka.<\/span><\/p>\n<p><span style=\"color: #000000\"><strong>STROKOVNI ORGANI \u0160OLE<\/strong><\/span><\/p>\n<ul>\n<li><span style=\"color: #000000\">u\u010diteljski zbor<\/span><\/li>\n<li><span style=\"color: #000000\">oddel\u010dni u\u010diteljski zbor<\/span>\n<ul>\n<li><span style=\"color: #000000\">razredna stopnja<\/span><\/li>\n<li><span style=\"color: #000000\">predmetna stopnja<\/span><\/li>\n<\/ul>\n<\/li>\n<li><span style=\"color: #000000\">razredniki<\/span><\/li>\n<li><span style=\"color: #000000\">strokovni aktivi<\/span><\/li>\n<\/ul>\n<\/div>\n<\/div>\n<\/div>\n<\/div>\n","protected":false},"excerpt":{"rendered":"<p>ORGANIZACIJSKA SHEMA \u0160OLE Pedago\u0161ki vodja in posvetovalni organ \u0161ole je ravnateljica Anita AMBRO\u017d, pomo\u010dnica ravnateljice je mag. Helena BOH. Poleg ravnateljice je organ \u0161ole tudi svet \u0161ole, ki ga sestavljajo: &#8211; trije predstavniki ustanovitelja: Bla\u017e KRAJNC, Miha URH, Primo\u017e TANDLER. &#8211; pet predstavnikov \u0161ole: Branka PE\u010cOLAR BEGI\u0106, mag. Majda Marija LESJAK, Polonca DOBNIK, Nejc BABI\u010c [&hellip;]<\/p>\n","protected":false},"author":5469,"featured_media":0,"parent":265,"menu_order":0,"comment_status":"closed","ping_status":"closed","template":"","meta":{"_et_pb_use_builder":"","_et_pb_old_content":"","_et_gb_content_width":"","ngg_post_thumbnail":0,"footnotes":""},"class_list":["post-40","page","type-page","status-publish","hentry"],"_links":{"self":[{"href":"https:\/\/osmutaa.splet.arnes.si\/index.php?rest_route=\/wp\/v2\/pages\/40","targetHints":{"allow":["GET"]}}],"collection":[{"href":"https:\/\/osmutaa.splet.arnes.si\/index.php?rest_route=\/wp\/v2\/pages"}],"about":[{"href":"https:\/\/osmutaa.splet.arnes.si\/index.php?rest_route=\/wp\/v2\/types\/page"}],"author":[{"embeddable":true,"href":"https:\/\/osmutaa.splet.arnes.si\/index.php?rest_route=\/wp\/v2\/users\/5469"}],"replies":[{"embeddable":true,"href":"https:\/\/osmutaa.splet.arnes.si\/index.php?rest_route=%2Fwp%2Fv2%2Fcomments&post=40"}],"version-history":[{"count":11,"href":"https:\/\/osmutaa.splet.arnes.si\/index.php?rest_route=\/wp\/v2\/pages\/40\/revisions"}],"predecessor-version":[{"id":19337,"href":"https:\/\/osmutaa.splet.arnes.si\/index.php?rest_route=\/wp\/v2\/pages\/40\/revisions\/19337"}],"up":[{"embeddable":true,"href":"https:\/\/osmutaa.splet.arnes.si\/index.php?rest_route=\/wp\/v2\/pages\/265"}],"wp:attachment":[{"href":"https:\/\/osmutaa.splet.arnes.si\/index.php?rest_route=%2Fwp%2Fv2%2Fmedia&parent=40"}],"curies":[{"name":"wp","href":"https:\/\/api.w.org\/{rel}","templated":true}]}}