{"id":19554,"date":"2025-10-07T10:29:34","date_gmt":"2025-10-07T08:29:34","guid":{"rendered":"https:\/\/osmutaa.splet.arnes.si\/?page_id=19554"},"modified":"2025-10-08T16:33:40","modified_gmt":"2025-10-08T14:33:40","slug":"temeljne-vsebine-rin","status":"publish","type":"page","link":"https:\/\/osmutaa.splet.arnes.si\/?page_id=19554","title":{"rendered":"Temeljne vsebine RIN"},"content":{"rendered":"<p data-start=\"144\" data-end=\"633\"><span style=\"color: #000000\">Na tem mestu zbiramo gradiva, s katerimi u\u010denci razvijajo <strong data-start=\"202\" data-end=\"289\">temeljne vsebine ra\u010dunalni\u0161kega in informacijsko-naravoslovnega izobra\u017eevanja (RIN)<\/strong>.<\/span><br data-start=\"290\" data-end=\"293\"><span style=\"color: #000000\">Tu najdete <strong data-start=\"304\" data-end=\"365\">u\u010dne scenarije, delovne liste, primere uporabe microbitov<\/strong> in druga orodja, ki spodbujajo <strong data-start=\"397\" data-end=\"466\">razmi\u0161ljanje, raziskovanje in ustvarjanje z digitalno tehnologijo<\/strong>.<\/span><br data-start=\"467\" data-end=\"470\" data-is-only-node=\"\"><span style=\"color: #000000\">Na\u0161 cilj je, da u\u010denci znanje ne le pridobivajo, ampak ga <strong data-start=\"528\" data-end=\"560\">aktivno preizku\u0161ajo v praksi<\/strong> \u2013 s povezovanjem razli\u010dnih predmetov in sodobnih digitalnih pristopov.<\/span><\/p>\n<p data-start=\"144\" data-end=\"633\"><a href=\"https:\/\/osmutaa.splet.arnes.si\/files\/2025\/10\/Orientacija.pdf\">Orientacija<\/a><\/p>\n<p data-start=\"144\" data-end=\"633\"><a href=\"https:\/\/osmutaa.splet.arnes.si\/files\/2025\/10\/Nacrti-MicroBit.pdf\">Na\u010drti MicroBit<\/a><\/p>\n","protected":false},"excerpt":{"rendered":"<p>Na tem mestu zbiramo gradiva, s katerimi u\u010denci razvijajo temeljne vsebine ra\u010dunalni\u0161kega in informacijsko-naravoslovnega izobra\u017eevanja (RIN).Tu najdete u\u010dne scenarije, delovne liste, primere uporabe microbitov in druga orodja, ki spodbujajo razmi\u0161ljanje, raziskovanje in ustvarjanje z digitalno tehnologijo.Na\u0161 cilj je, da u\u010denci znanje ne le pridobivajo, ampak ga aktivno preizku\u0161ajo v praksi \u2013 s povezovanjem razli\u010dnih predmetov [&hellip;]<\/p>\n","protected":false},"author":119654,"featured_media":0,"parent":4329,"menu_order":0,"comment_status":"closed","ping_status":"closed","template":"","meta":{"_et_pb_use_builder":"","_et_pb_old_content":"","_et_gb_content_width":"","ngg_post_thumbnail":0,"footnotes":""},"class_list":["post-19554","page","type-page","status-publish","hentry"],"_links":{"self":[{"href":"https:\/\/osmutaa.splet.arnes.si\/index.php?rest_route=\/wp\/v2\/pages\/19554","targetHints":{"allow":["GET"]}}],"collection":[{"href":"https:\/\/osmutaa.splet.arnes.si\/index.php?rest_route=\/wp\/v2\/pages"}],"about":[{"href":"https:\/\/osmutaa.splet.arnes.si\/index.php?rest_route=\/wp\/v2\/types\/page"}],"author":[{"embeddable":true,"href":"https:\/\/osmutaa.splet.arnes.si\/index.php?rest_route=\/wp\/v2\/users\/119654"}],"replies":[{"embeddable":true,"href":"https:\/\/osmutaa.splet.arnes.si\/index.php?rest_route=%2Fwp%2Fv2%2Fcomments&post=19554"}],"version-history":[{"count":6,"href":"https:\/\/osmutaa.splet.arnes.si\/index.php?rest_route=\/wp\/v2\/pages\/19554\/revisions"}],"predecessor-version":[{"id":19573,"href":"https:\/\/osmutaa.splet.arnes.si\/index.php?rest_route=\/wp\/v2\/pages\/19554\/revisions\/19573"}],"up":[{"embeddable":true,"href":"https:\/\/osmutaa.splet.arnes.si\/index.php?rest_route=\/wp\/v2\/pages\/4329"}],"wp:attachment":[{"href":"https:\/\/osmutaa.splet.arnes.si\/index.php?rest_route=%2Fwp%2Fv2%2Fmedia&parent=19554"}],"curies":[{"name":"wp","href":"https:\/\/api.w.org\/{rel}","templated":true}]}}