{"id":183,"date":"2015-08-06T16:34:23","date_gmt":"2015-08-06T14:34:23","guid":{"rendered":"http:\/\/osmutaa.splet.arnes.si\/?page_id=183"},"modified":"2022-12-05T09:31:29","modified_gmt":"2022-12-05T08:31:29","slug":"okolju-prijazna-sola","status":"publish","type":"page","link":"https:\/\/osmutaa.splet.arnes.si\/?page_id=183","title":{"rendered":"Okolju prijazna \u0161ola"},"content":{"rendered":"<p style=\"text-align: center\"><strong><span style=\"color: #000000\">EKOHIMNA:&nbsp;&nbsp;&nbsp;&nbsp;<\/span><\/strong><\/p>\n<p style=\"text-align: center\"><span style=\"color: #000000\">Mi smo eko \u0161ola ona na\u0161a je,<\/span><br \/>\n<span style=\"color: #000000\"> radi jo imamo, veselimo se.<\/span><br \/>\n<span style=\"color: #000000\"> S pogledom na gozdove in travnike,<\/span><br \/>\n<span style=\"color: #000000\"> z razgledom na planine in ro\u017eice.<\/span><br \/>\n<span style=\"color: #000000\"> Eko, ekola, eko, ekola, la, la, la,<\/span><br \/>\n<span style=\"color: #000000\"> la, la, la, la, la, la!<\/span><\/p>\n<p style=\"text-align: center\"><span style=\"color: #000000\">Urejena je okolica to vidi se,<\/span><br \/>\n<span style=\"color: #000000\"> z ro\u017eami in drevjem posajena je.<\/span><br \/>\n<span style=\"color: #000000\"> A v\u010dasih malomarnost res velika je,<\/span><br \/>\n<span style=\"color: #000000\"> saj odpadkov vsepovsod prepolno je.<\/span><br \/>\n<span style=\"color: #000000\"> Eko, ekola&#8230;<\/span><\/p>\n<p style=\"text-align: center\"><span style=\"color: #000000\">Varujmo in lo\u010dujmo odpadke vse,<\/span><br \/>\n<span style=\"color: #000000\"> saj nevarnih plinov mnogo v okolju je.<\/span><br \/>\n<span style=\"color: #000000\"> \u0160kodujejo ozemlju in vsem ljudem,<\/span><br \/>\n<span style=\"color: #000000\"> zato ekologija velik je problem.<\/span><br \/>\n<span style=\"color: #000000\"> Eko, ekola&#8230;<\/span><\/p>\n<hr>\n<p><span style=\"color: #000000\"><strong>OKOLJU PRIJAZNA \u0160OLA<\/strong><\/span><\/p>\n<p><span style=\"color: #000000\">Glavni cilj projekta&nbsp;Okolju prijazna&nbsp;\u0161ola je vzgoja otrok in mladostnikov v duhu skrbi za okolje in naravo.<\/span><\/p>\n<p><span style=\"color: #000000\"><strong><u>Drugi cilji so:<\/u><\/strong><\/span><br \/>\n<span style=\"color: #000000\">\u2013 izobra\u017eevanje za okoljsko odgovornost,<\/span><br \/>\n<span style=\"color: #000000\">\u2013 \u010disto in urejeno okolje,<\/span><br \/>\n<span style=\"color: #000000\">\u2013 u\u010dinkovita raba naravnih virov (voda, odpadki, energija),<\/span><br \/>\n<span style=\"color: #000000\">\u2013 lo\u010deno zbiranje odpadkov v na\u0161em okolju,<\/span><br \/>\n<span style=\"color: #000000\">\u2013 povezovati okoljska vpra\u0161anja z ekonomskimi in socialnimi,<\/span><br \/>\n<span style=\"color: #000000\">\u2013 razvijati pozitivne medsebojne odnose,<\/span><br \/>\n<span style=\"color: #000000\">\u2013 vzgajati in izobra\u017eevati za zdrav na\u010din \u017eivljenja v zdravem okolju.<\/span><\/p>\n<p><span style=\"color: #000000\">V sklopu projekta Okolju prijazna \u0161ola na \u0161oli \u017ee vrsto let potekajo razli\u010dne dejavnosti.<\/span><\/p>\n<p><span style=\"color: #000000\">V leto\u0161njem letu 2022\/23 smo dejavnosti, ki jih bodo izvajali u\u010denci vso \u0161olsko leto, strnili pod naslov MAJHNA DEJANJA ZA VELIKA ENERGETSKA VAR\u010cEVANJA.<\/span><\/p>\n<p><span style=\"color: #000000\">&nbsp;Razmere v svetu so mo\u010dno vplivale na razpolo\u017eljivost in ceno energije. Dr\u017eave, zlasti v Evropi, i\u0161\u010dejo u\u010dinkovite in hitro delujo\u010de na\u010dine za var\u010devanje z energijo in hkrati opustitev fosilnih virov energije.<\/span><\/p>\n<p><span style=\"color: #000000\">Najbr\u017e se tudi doma \u017ee pogovarjate, kako bi prihranili nekaj denarja glede na to, da se elektrika dra\u017ei. Mogo\u010de ste spremenili na\u010din ogrevanja, ali dodatno zatesnili okna in vrata, izolirali stene, na streho zmontirali son\u010dne celice\u2026<\/span><\/p>\n<p><span style=\"color: #000000\">\u010ce ne drugega, ste morda postali pozorni na pri\u017egane lu\u010di, ki po nepotrebnem razsvetljujejo prazne stanovanjske prostore, ali pa ste za\u010deli uga\u0161ati naprave s funkcijo pripravljenosti, ali pa ste za nekaj stopinj zmanj\u0161ali temperaturo v prostoru.<\/span><\/p>\n<p><span style=\"color: #000000\">Kot vidite, ni treba velikih sprememb, ra\u010dun za elektriko lahko zmanj\u0161amo z majhnimi, v\u010dasih skoraj neopaznimi dejanji.<\/span><\/p>\n<p><span style=\"color: #000000\">Kje vse se da privar\u010devati z elektri\u010dno energijo, bodo raziskovali u\u010denci od 3. do 9 razreda. Vsaka razredna skupnost si bo izbrala eno izmed ponujenih vsebin in jo skozi \u0161olsko leto s pomo\u010djo u\u010diteljev raziskovala pri urah pouka, pri razrednih urah ter tudi izven \u0161ole.<\/span><\/p>\n<p><span style=\"color: #000000\">Nova vedenja in spoznanja bodo predstavili s pomo\u010djo pripravljenih plakatov ob dnevu Zemlje.<\/span><\/p>\n<p><span style=\"color: #000000\">To pa so vsebine, ki jih bodo raziskovali na\u0161i u\u010denci:<\/span><\/p>\n<ol>\n<li><span style=\"color: #000000\">LU\u010cI<\/span><\/li>\n<li><span style=\"color: #000000\">POMIVALNI STROJ<\/span><\/li>\n<li><span style=\"color: #000000\">PRALNI IN SU\u0160ILNI STROJ<\/span><\/li>\n<li><span style=\"color: #000000\">\u010cRPALKE ZA OGREVANJE<\/span><\/li>\n<li><span style=\"color: #000000\">OSEBNA HIGIENA<\/span><\/li>\n<li><span style=\"color: #000000\">HLADILNIK IN ZAMRZOVALNIK<\/span><\/li>\n<li><span style=\"color: #000000\">KUHANJE<\/span><\/li>\n<li><span style=\"color: #000000\">KLIMA<\/span><\/li>\n<li><span style=\"color: #000000\">ZRA\u010cENJE<\/span><\/li>\n<li><span style=\"color: #000000\">VTI\u010cNICE<\/span><\/li>\n<li><span style=\"color: #000000\">OGREVANJE PROSTOROV<\/span><\/li>\n<li><span style=\"color: #000000\">LIKANJE<\/span><\/li>\n<li><span style=\"color: #000000\">NAPRAVE S FUNKCIJO PRIPRAVLJENOSTI<\/span><\/li>\n<li><span style=\"color: #000000\">TESNENJE OKEN IN VRAT<\/span><\/li>\n<li><span style=\"color: #000000\">VRSTE ENERGIJE<\/span><\/li>\n<li><span style=\"color: #000000\">OBNOVLJIVI VIRI ENERGIJE<\/span><\/li>\n<li><span style=\"color: #000000\">JEDRSKA ENERGIJA<\/span><\/li>\n<li><span style=\"color: #000000\">TERMALNA ENERGIJA<\/span><\/li>\n<\/ol>\n<p><span style=\"color: #000000\">Seveda pa bomo kot vsa leta do sedaj sodelovali v razli\u010dnih eko projektih, dejavnostih, nate\u010dajih in akcijah zbiranja odpadnega materiala.<\/span><\/p>\n<p><span style=\"color: #000000\">V&nbsp; ta namen imamo po razredih in skupnih prostorih \u0161ole razvr\u0161\u010dene \u0161katle in zaboj\u010dke za zbiranje <strong>baterij, sijalk, kartu\u0161, starega papirja <\/strong>in <strong>zama\u0161kov.<\/strong><\/span><\/p>\n<p><span style=\"color: #000000\"><strong>&nbsp;<\/strong><strong>V \u017eelji, da bi bile na\u0161e zbiralne akcije \u0161e uspe\u0161nej\u0161e, vabimo k sodelovanju tudi vse star\u0161e in krajane Mute.<\/strong><\/span><\/p>\n<p><span style=\"color: #000000\"><strong>&nbsp;<\/strong>Spodnje fotografije so nastale v lanskem \u0161olskem letu ob dnevu Zemlje. Na \u0161oli smo ga obele\u017eili s prireditvijo in razstavo plakatov ob koncu projekta &nbsp;ZELENI KORAKI &#8211; EKO JUNAKI.<\/span><\/p>\n<p><span style=\"color: #000000\">U\u010denci na\u0161e in \u0161ole s prilagojenim programom so vso leto raziskovali na kak\u0161ne na\u010dine lahko sami pripomoremo k zmanj\u0161anju ogljikovih izpustov ter svoja spoznanja predstavili u\u010dencem in u\u010diteljem s pomo\u010djo zanimivih in pou\u010dnih plakatov.<\/span><\/p>\nngg_shortcode_0_placeholder\n<hr>\n<p><strong><span style=\"color: #000000\">&nbsp;<\/span><span style=\"color: #000000\">\u0160olsko leto 2016\/2017<\/span><\/strong><\/p>\n<p><span style=\"color: #000000\">Glavni cilj projekta&nbsp;Okolju prijazna&nbsp;\u0161ola je vzgoja otrok in mladostnikov v duhu skrbi za okolje in naravo.<\/span><\/p>\n<p><span style=\"color: #000000\"><span style=\"text-decoration: underline\"><strong> Drugi cilji so:<\/strong><\/span><br \/>\n&#8211; izobra\u017eevanje za okoljsko odgovornost,<br \/>\n&#8211; \u010disto in urejeno okolje,<br \/>\n&#8211; u\u010dinkovita raba naravnih virov (voda, odpadki, energija),<br \/>\n&#8211; lo\u010deno zbiranje odpadkov v na\u0161em okolju,<br \/>\n&#8211; povezovati okoljska vpra\u0161anja z ekonomskimi in socialnimi,<br \/>\n&#8211; razvijati pozitivne medsebojne odnose,<br \/>\n&#8211; vzgajati in izobra\u017eevati za zdrav na\u010din \u017eivljenja v zdravem okolju,<\/span><\/p>\n<p><span style=\"color: #000000\">&nbsp;<\/span><\/p>\n<p><strong><span style=\"color: #000000\">\u0160olski ekolo\u0161ki otok:<\/span><\/strong><\/p>\n<ul>\n<li><span style=\"color: #000000\">papir<\/span><\/li>\n<li><span style=\"color: #000000\">ekolo\u0161ki zabojnik za izrabljene tonerje in kartu\u0161e,<\/span><\/li>\n<li><span style=\"color: #000000\">baterije in plasti\u010dne pokrov\u010dke<\/span><\/li>\n<\/ul>\n<div>\n<hr>\n<p><strong><span style=\"color: #000000\">\u0160olsko leto 2015\/2016<\/span><\/strong><\/p>\n<\/div>\n<p><strong><span style=\"color: #ff0000\">HRANA&nbsp; NI &nbsp;ZA&nbsp; TJAVENDAN&nbsp;&nbsp;&nbsp; <a id=\"set-post-thumbnail\" class=\"thickbox\" title=\"Nastavi prikazno sliko\" href=\"http:\/\/osmutaa.splet.arnes.si\/wp-admin\/media-upload.php?post_id=183&amp;type=image&amp;TB_iframe=1\"><img loading=\"lazy\" decoding=\"async\" class=\"attachment-266x266 alignright\" src=\"http:\/\/osmutaa.splet.arnes.si\/files\/2015\/08\/hrana-295x300.jpg\" alt=\"hrana\" width=\"188\" height=\"191\"><\/a><br \/>\n<\/span><\/strong><\/p>\n<p><strong><span style=\"color: #000000\">KAJ IN KAKO BOMO OPAZOVALI?<\/span><\/strong><\/p>\n<ul>\n<li><span style=\"color: #000000\">Izbrali bomo dan v tednu (priljubljen in nepriljubljen obrok)<\/span><\/li>\n<li><span style=\"color: #000000\">Prepisali jedilnik kosila v tabelo (izdelajte jo sami)<\/span><\/li>\n<li><span style=\"color: #000000\">Ob koncu dneva bomo vpra\u0161ali kuharice, koliko veder odpadne hrane je bilo<\/span><\/li>\n<li><span style=\"color: #000000\">\u0160tevilo veder bomo zapisali v tabelo<\/span><\/li>\n<li><span style=\"color: #000000\">Zapisali bomo, katere hrane se je zavrglo najve\u010d<\/span><\/li>\n<li><span style=\"color: #000000\">Zbrali bomo rezultate in jih predstavili v eko koti\u010dku in v jedilnici<\/span><\/li>\n<\/ul>\n<div>\n<p><span style=\"color: #000000\"><strong>KOTI\u010cEK V JEDILNICI<\/strong>&nbsp;&nbsp;&nbsp; <a id=\"set-post-thumbnail\" class=\"thickbox\" title=\"Nastavi prikazno sliko\" href=\"http:\/\/osmutaa.splet.arnes.si\/wp-admin\/media-upload.php?post_id=183&amp;type=image&amp;TB_iframe=1\"><img loading=\"lazy\" decoding=\"async\" class=\"attachment-266x266 alignright\" src=\"http:\/\/osmutaa.splet.arnes.si\/files\/2015\/08\/hrana_1-300x221.jpg\" alt=\"hrana_1\" width=\"266\" height=\"196\"><\/a><\/span><\/p>\n<ul>\n<li><span style=\"color: #000000\">Reciklirana kuharija (Recepti:&nbsp; Iz ostankov hrane lahko pripravimo\u2026..)<\/span><\/li>\n<li><span style=\"color: #000000\">Predstavitev zdrave hrane ( prehranska piramida)<\/span><\/li>\n<li><span style=\"color: #000000\">Predstavitev na\u010dina lo\u010devanja odpadne hrane<\/span><\/li>\n<li><span style=\"color: #000000\">Ne me\u010di hrane stran, ker\u2026.( slike, plakat,..)<\/span><\/li>\n<li><span style=\"color: #000000\">Plakat: Na\u0161a najljub\u0161a zdrava malica \/ kosilo<\/span><\/li>\n<li><span style=\"color: #000000\">Kaj lahko za zmanj\u0161anje koli\u010dine odpadne hrane naredi\u0161 ti? (\u0160katlica in listki, kamor bodo pisali u\u010denci svoje ideje.)<\/span><\/li>\n<li><span style=\"color: #000000\">Od kod pride hrana? (Zemljevid z zarisanimi potmi, od koder prihaja hrana, ki jo naro\u010damo na na\u0161i \u0161oli.)<\/span><\/li>\n<li><span style=\"color: #000000\">Kaj se zgodi z odpadno hrano? (Kako jo koristno porabiti?)<\/span><\/li>\n<li><span style=\"color: #000000\">Kako pravilno shranimo ostanke hrane? (plakat, hladilnik iz kartona, embala\u017ea, \u2026.)<\/span><\/li>\n<\/ul>\n<\/div>\n<p><strong><span style=\"text-decoration: underline\"><span style=\"color: #000000;text-decoration: underline\">Predstavitev na prireditvi ob dnevu Zemlje, 26. 4. 2016:<\/span><\/span><\/strong><\/p>\n<p><span style=\"color: #000000\">U\u010denci 3. razredov smo poiskali recepte jedi, ki se lahko pripravijo iz ostankov hrane. Recepte smo predstavili na plakatu<\/span><br \/>\n<span style=\"color: #000000\">U\u010denci 4. a &nbsp;smo naredili plakat o pravilnem lo\u010devanju odpadkov.&nbsp;&nbsp;&nbsp;&nbsp;<\/span><br \/>\n<span style=\"color: #000000\"> U\u010denci 4. b razreda pa smo spoznali, da&nbsp; ne smemo hrane metati stran, saj vemo, da je mnogo ljudi la\u010dnih in da pridelava velikih koli\u010din hrane onesna\u017euje okolje.&nbsp;&nbsp;&nbsp;<\/span><br \/>\n<span style=\"color: #000000\">U\u010denci 5. razreda smo s pomo\u010djo ankete med u\u010denci raziskali, zakaj v \u0161oli zavr\u017eemo hrano in kaj lahko naredimo za zmanj\u0161anje odpadne hrane.<\/span><br \/>\n<span style=\"color: #000000\">U\u010denci 6. razredov smo razmi\u0161ljali o zdravi hrani, zato smo v 6.b &nbsp;izdelali prehransko piramido, v 6. b &nbsp;pa smo sestavili zdrav obrok.&nbsp;&nbsp;&nbsp;&nbsp;&nbsp;&nbsp;&nbsp;&nbsp; <\/span><br \/>\n<span style=\"color: #000000\">U\u010denci 7.a smo izdelali plakat, ki prikazuje, kam pravilno shranimo hrano.&nbsp;&nbsp;<\/span><br \/>\n<span style=\"color: #000000\"> U\u010denci 7. b razreda smo izdelali plakat o tem, kako lahko odpadno&nbsp; hrano koristno porabimo, da je ne vr\u017eemo v smeti.&nbsp;&nbsp;&nbsp;&nbsp;&nbsp;&nbsp;&nbsp;&nbsp;&nbsp;&nbsp;<\/span><br \/>\n<span style=\"color: #000000\"> U\u010denci 8. a razreda smo so\u0161olce povpra\u0161ali, kaj lahko mi sami naredimo, da zmanj\u0161amo &nbsp;koli\u010dino odpadne hrane v \u0161oli. Tu je nekaj odgovorov.<br \/>\n<\/span><span style=\"color: #000000\">U\u010denci 8. b smo raziskali, &nbsp;katere dni v tednu glede na jedilnik zavr\u017eemo najve\u010d&nbsp; hrane. Ugotovili smo \u2026<br \/>\n<\/span><span style=\"color: #000000\"> U\u010denci 9. razreda smo raziskali, iz&nbsp; katerih dr\u017eav uva\u017eamo sadje in zelenjavo.<\/span><\/p>\nngg_shortcode_1_placeholder\n<hr>\n<p><span style=\"color: #000000\">&nbsp;<\/span><\/p>\n","protected":false},"excerpt":{"rendered":"<p>EKOHIMNA:&nbsp;&nbsp;&nbsp;&nbsp; Mi smo eko \u0161ola ona na\u0161a je, radi jo imamo, veselimo se. S pogledom na gozdove in travnike, z razgledom na planine in ro\u017eice. Eko, ekola, eko, ekola, la, la, la, la, la, la, la, la, la! Urejena je okolica to vidi se, z ro\u017eami in drevjem posajena je. A v\u010dasih malomarnost res velika [&hellip;]<\/p>\n","protected":false},"author":5469,"featured_media":0,"parent":279,"menu_order":0,"comment_status":"closed","ping_status":"closed","template":"","meta":{"_et_pb_use_builder":"","_et_pb_old_content":"","_et_gb_content_width":"","ngg_post_thumbnail":0,"footnotes":""},"class_list":["post-183","page","type-page","status-publish","hentry"],"_links":{"self":[{"href":"https:\/\/osmutaa.splet.arnes.si\/index.php?rest_route=\/wp\/v2\/pages\/183","targetHints":{"allow":["GET"]}}],"collection":[{"href":"https:\/\/osmutaa.splet.arnes.si\/index.php?rest_route=\/wp\/v2\/pages"}],"about":[{"href":"https:\/\/osmutaa.splet.arnes.si\/index.php?rest_route=\/wp\/v2\/types\/page"}],"author":[{"embeddable":true,"href":"https:\/\/osmutaa.splet.arnes.si\/index.php?rest_route=\/wp\/v2\/users\/5469"}],"replies":[{"embeddable":true,"href":"https:\/\/osmutaa.splet.arnes.si\/index.php?rest_route=%2Fwp%2Fv2%2Fcomments&post=183"}],"version-history":[{"count":15,"href":"https:\/\/osmutaa.splet.arnes.si\/index.php?rest_route=\/wp\/v2\/pages\/183\/revisions"}],"predecessor-version":[{"id":13933,"href":"https:\/\/osmutaa.splet.arnes.si\/index.php?rest_route=\/wp\/v2\/pages\/183\/revisions\/13933"}],"up":[{"embeddable":true,"href":"https:\/\/osmutaa.splet.arnes.si\/index.php?rest_route=\/wp\/v2\/pages\/279"}],"wp:attachment":[{"href":"https:\/\/osmutaa.splet.arnes.si\/index.php?rest_route=%2Fwp%2Fv2%2Fmedia&parent=183"}],"curies":[{"name":"wp","href":"https:\/\/api.w.org\/{rel}","templated":true}]}}