{"id":1348,"date":"2016-09-25T17:31:59","date_gmt":"2016-09-25T15:31:59","guid":{"rendered":"http:\/\/osmutaa.splet.arnes.si\/?page_id=1348"},"modified":"2016-09-25T17:37:50","modified_gmt":"2016-09-25T15:37:50","slug":"zemljevid-solskega-okolisa-z-vrisanimi-varnimi-solskimi-potmi-in-nevarnimi-tockami","status":"publish","type":"page","link":"https:\/\/osmutaa.splet.arnes.si\/?page_id=1348","title":{"rendered":"Prometnovarnostni na\u010drt"},"content":{"rendered":"<p style=\"text-align: center\"><strong><span style=\"color: #000000\">Zemljevid \u0161olskega okoli\u0161a z vrisanimi varnimi \u0161olskimi potmi in nevarnimi to\u010dkami<\/span><\/strong><\/p>\n<p style=\"text-align: center\"><a href=\"http:\/\/osmutaa.splet.arnes.si\/files\/2016\/09\/zemljevid.jpg\"><img loading=\"lazy\" decoding=\"async\" class=\"alignnone  wp-image-1349\" src=\"http:\/\/osmutaa.splet.arnes.si\/files\/2016\/09\/zemljevid.jpg\" alt=\"zemljevid\" width=\"564\" height=\"309\" srcset=\"https:\/\/osmutaa.splet.arnes.si\/files\/2016\/09\/zemljevid.jpg 885w, https:\/\/osmutaa.splet.arnes.si\/files\/2016\/09\/zemljevid-300x164.jpg 300w\" sizes=\"(max-width: 564px) 100vw, 564px\" \/><\/a><\/p>\n","protected":false},"excerpt":{"rendered":"<p>Zemljevid \u0161olskega okoli\u0161a z vrisanimi varnimi \u0161olskimi potmi in nevarnimi to\u010dkami<\/p>\n","protected":false},"author":5469,"featured_media":0,"parent":269,"menu_order":0,"comment_status":"closed","ping_status":"closed","template":"","meta":{"_et_pb_use_builder":"","_et_pb_old_content":"","_et_gb_content_width":"","ngg_post_thumbnail":0,"footnotes":""},"class_list":["post-1348","page","type-page","status-publish","hentry"],"_links":{"self":[{"href":"https:\/\/osmutaa.splet.arnes.si\/index.php?rest_route=\/wp\/v2\/pages\/1348","targetHints":{"allow":["GET"]}}],"collection":[{"href":"https:\/\/osmutaa.splet.arnes.si\/index.php?rest_route=\/wp\/v2\/pages"}],"about":[{"href":"https:\/\/osmutaa.splet.arnes.si\/index.php?rest_route=\/wp\/v2\/types\/page"}],"author":[{"embeddable":true,"href":"https:\/\/osmutaa.splet.arnes.si\/index.php?rest_route=\/wp\/v2\/users\/5469"}],"replies":[{"embeddable":true,"href":"https:\/\/osmutaa.splet.arnes.si\/index.php?rest_route=%2Fwp%2Fv2%2Fcomments&post=1348"}],"version-history":[{"count":3,"href":"https:\/\/osmutaa.splet.arnes.si\/index.php?rest_route=\/wp\/v2\/pages\/1348\/revisions"}],"predecessor-version":[{"id":1352,"href":"https:\/\/osmutaa.splet.arnes.si\/index.php?rest_route=\/wp\/v2\/pages\/1348\/revisions\/1352"}],"up":[{"embeddable":true,"href":"https:\/\/osmutaa.splet.arnes.si\/index.php?rest_route=\/wp\/v2\/pages\/269"}],"wp:attachment":[{"href":"https:\/\/osmutaa.splet.arnes.si\/index.php?rest_route=%2Fwp%2Fv2%2Fmedia&parent=1348"}],"curies":[{"name":"wp","href":"https:\/\/api.w.org\/{rel}","templated":true}]}}