{"id":10193,"date":"2020-11-10T19:53:40","date_gmt":"2020-11-10T18:53:40","guid":{"rendered":"http:\/\/osmutaa.splet.arnes.si\/?page_id=10193"},"modified":"2026-01-06T12:22:02","modified_gmt":"2026-01-06T11:22:02","slug":"izjava-o-dostopnosti","status":"publish","type":"page","link":"https:\/\/osmutaa.splet.arnes.si\/?page_id=10193","title":{"rendered":"Izjava o dostopnosti"},"content":{"rendered":"\r\n<p>S spodbujanjem vklju\u010denosti in dostopnosti lahko vsem omogo\u010dimo enake mo\u017enosti za razvoj. Pomembno je, da se uporabnikom omogo\u010di zaznavanje, razumevanje, navigacijo ter interakcijo s spletom. S tem namenom smo na&nbsp;\u0161olski spletni strani dodali nov vti\u010dnik, ki ponuja funkcionalnosti, namenjene osebam s posebnimi potrebami.<\/p>\r\n\r\n\r\n\r\n<p>Z vti\u010dnikom obiskovalcem omogo\u010damo, da prikaz spleti\u0161\u010da prilagodijo svojim potrebam.<\/p>\r\n\r\n\r\n\r\n<p>Obiskovalci spletnih strani tako lahko<\/p>\r\n\r\n\r\n\r\n<ul class=\"wp-block-list\">\r\n<li>spremenijo pisavo,<\/li>\r\n<li>pove\u010dajo velikost besedil,<\/li>\r\n<li>spremenijo kontrast barv na spleti\u0161\u010du,<\/li>\r\n<li>ustavijo premike in<\/li>\r\n<li>uredijo besedilo, tako da bodo vse povezave pod\u010drtane.<\/li>\r\n<\/ul>\r\n\r\n\r\n\r\n<p>Vti\u010dnik za dostopnost <strong>AccessibleWP &#8211; Orodna vrstica za dostopnost &nbsp;5.4.0<\/strong>.<\/p>\r\n\r\n\r\n\r\n<h3 class=\"wp-block-heading\">Stopnja skladnosti<\/h3>\r\n\r\n\r\n\r\n<p>Spleti\u0161\u010de O\u0160 Muta je delno skladno z&nbsp;<a href=\"http:\/\/www.pisrs.si\/Pis.web\/pregledPredpisa?id=ZAKO7718\" target=\"_blank\" rel=\"noreferrer noopener\">Zakonom o dostopnosti spleti\u0161\u010d in mobilnih aplikacij<\/a>&nbsp;zaradi spodaj navedenih izjem.<\/p>\r\n\r\n\r\n\r\n<h3 class=\"wp-block-heading\">Nedostopna vsebina<\/h3>\r\n\r\n\r\n\r\n<p>Dostopnost spleti\u0161\u010da O\u0160 Muta nenehno spremljamo in sproti izbolj\u0161ujemo posamezne elemente dostopnosti. Kljub temu nekatere objavljene vsebine ne izpolnjujejo vseh zahtev glede dostopnosti, kot jih dolo\u010da Zakon o dostopnosti spleti\u0161\u010d in mobilnih aplikacij.<br>Primeri takih vsebin so:<\/p>\r\n\r\n\r\n\r\n<ul class=\"wp-block-list\">\r\n<li>skenirani dokumenti v PDF obliki zapisa,<\/li>\r\n<li>programsko generirani dokumenti (npr. letna poro\u010dila),<\/li>\r\n<li>razli\u010dne kompleksne tabele s podatki,<\/li>\r\n<li>organigrami,<\/li>\r\n<li>vsebina v formatih, ki zahteva prenos in uporabo namenskih aplikacij.<\/li>\r\n<\/ul>\r\n\r\n\r\n\r\n<p>Ta izjava o dostopnosti se nana\u0161a na spleti\u0161\u010de O\u0160 Muta, ki se nahaja na spletnem naslovu https:\/\/www.osmuta.si.<\/p>\r\n\r\n\r\n\r\n<h3 class=\"wp-block-heading\"><strong>Nadzor nad izvajanjem Zakona o dostopnosti spleti\u0161\u010d in mobilnih aplikacij<\/strong><\/h3>\r\n\r\n\r\n\r\n<p>Ministrstvo za javno upravo<\/p>\r\n\r\n\r\n\r\n<p>Uprava za informacijsko varnost<\/p>\r\n\r\n\r\n\r\n<p>In\u0161pekcija za informacijsko dru\u017ebo<\/p>\r\n\r\n\r\n\r\n<p>Tr\u017ea\u0161ka cesta 21<\/p>\r\n\r\n\r\n\r\n<p>1000 Ljubljana<\/p>\r\n\r\n\r\n\r\n<p>gp.mju@gov.si<\/p>\r\n\r\n\r\n\r\n<h3 class=\"wp-block-heading\"><strong>Datum objave spletnega mesta<\/strong><\/h3>\r\n\r\n\r\n\r\n<p>Spleti\u0161\u010de je bilo v obstoje\u010di grafi\u010dni podobi objavljeno 1. 9. 2018.<\/p>\r\n\r\n\r\n\r\n<h3 class=\"wp-block-heading\"><strong>Priprava izjave o dostopnosti<\/strong><\/h3>\r\n\r\n\r\n\r\n<p>Izjava je bila pripravljena 17. 8. 2020 na podlagi samoocene.<br><br><a href=\"https:\/\/dostopen.si\/sl\/podrobnosti-zavoda\/283\/osnovna-sola-muta.html\" target=\"_blank\" rel=\"noopener\">Informacije o zavodu v dostopni obliki<\/a><\/p>\r\n","protected":false},"excerpt":{"rendered":"<p>S spodbujanjem vklju\u010denosti in dostopnosti lahko vsem omogo\u010dimo enake mo\u017enosti za razvoj. Pomembno je, da se uporabnikom omogo\u010di zaznavanje, razumevanje, navigacijo ter interakcijo s spletom. S tem namenom smo na&nbsp;\u0161olski spletni strani dodali nov vti\u010dnik, ki ponuja funkcionalnosti, namenjene osebam s posebnimi potrebami. Z vti\u010dnikom obiskovalcem omogo\u010damo, da prikaz spleti\u0161\u010da prilagodijo svojim potrebam. Obiskovalci spletnih [&hellip;]<\/p>\n","protected":false},"author":5469,"featured_media":0,"parent":265,"menu_order":0,"comment_status":"closed","ping_status":"closed","template":"","meta":{"_et_pb_use_builder":"off","_et_pb_old_content":"","_et_gb_content_width":"793","ngg_post_thumbnail":0,"footnotes":""},"class_list":["post-10193","page","type-page","status-publish","hentry"],"_links":{"self":[{"href":"https:\/\/osmutaa.splet.arnes.si\/index.php?rest_route=\/wp\/v2\/pages\/10193","targetHints":{"allow":["GET"]}}],"collection":[{"href":"https:\/\/osmutaa.splet.arnes.si\/index.php?rest_route=\/wp\/v2\/pages"}],"about":[{"href":"https:\/\/osmutaa.splet.arnes.si\/index.php?rest_route=\/wp\/v2\/types\/page"}],"author":[{"embeddable":true,"href":"https:\/\/osmutaa.splet.arnes.si\/index.php?rest_route=\/wp\/v2\/users\/5469"}],"replies":[{"embeddable":true,"href":"https:\/\/osmutaa.splet.arnes.si\/index.php?rest_route=%2Fwp%2Fv2%2Fcomments&post=10193"}],"version-history":[{"count":6,"href":"https:\/\/osmutaa.splet.arnes.si\/index.php?rest_route=\/wp\/v2\/pages\/10193\/revisions"}],"predecessor-version":[{"id":20093,"href":"https:\/\/osmutaa.splet.arnes.si\/index.php?rest_route=\/wp\/v2\/pages\/10193\/revisions\/20093"}],"up":[{"embeddable":true,"href":"https:\/\/osmutaa.splet.arnes.si\/index.php?rest_route=\/wp\/v2\/pages\/265"}],"wp:attachment":[{"href":"https:\/\/osmutaa.splet.arnes.si\/index.php?rest_route=%2Fwp%2Fv2%2Fmedia&parent=10193"}],"curies":[{"name":"wp","href":"https:\/\/api.w.org\/{rel}","templated":true}]}}