{"id":100,"date":"2015-08-06T15:39:23","date_gmt":"2015-08-06T13:39:23","guid":{"rendered":"http:\/\/osmutaa.splet.arnes.si\/?page_id=100"},"modified":"2024-08-31T09:09:03","modified_gmt":"2024-08-31T07:09:03","slug":"roditeljski-sestanki","status":"publish","type":"page","link":"https:\/\/osmutaa.splet.arnes.si\/?page_id=100","title":{"rendered":"Roditeljski sestanki"},"content":{"rendered":"<div class=\"art-postcontent clearfix\">\n<div class=\"art-article\">\n<p><span style=\"color: #000000\"><strong>PROGRAM SODELOVANJA S STAR\u0160I<\/strong><\/span><\/p>\n<p><span style=\"color: #000000\">Sodelovanje star\u0161ev s \u0161olo je za otrokov napredek zelo pomembno. \u017delimo, da redno obiskujete roditeljske sestanke in govorilne ure. Redno medsebojno obve\u0161\u010danje nam bo zagotavljalo uspe\u0161nej\u0161e u\u010dno in vzgojno delo in pravo\u010dasno ukrepanje v primeru u\u010dno-vzgojnih te\u017eav. V delo \u0161ole se star\u0161i vklju\u010dujejo preko <strong>sveta star\u0161ev<\/strong>, ki je posvetovalni organ ravnateljice in u\u010diteljskega zbora. Svet star\u0161ev sestavljajo star\u0161i, ki so bili izvoljeni na roditeljskem sestanku.<\/span><\/p>\n<p><span style=\"color: #000000\"><strong><em>&#8211; roditeljski sestanki:<\/em><\/strong> skupni in razredni<\/span><\/p>\n<p><span style=\"color: #000000\">&nbsp;<\/span><\/p>\n<p><span style=\"color: #000000\"><strong>RODITELJSKI SESTANKI&nbsp; &nbsp; &nbsp; &nbsp; &nbsp; &nbsp; &nbsp; &nbsp; &nbsp; &nbsp; &nbsp; &nbsp; &nbsp; &nbsp; &nbsp; &nbsp; &nbsp; &nbsp; &nbsp; &nbsp; &nbsp; &nbsp; &nbsp; &nbsp; &nbsp; &nbsp; &nbsp; &nbsp; &nbsp; &nbsp; &nbsp; &nbsp; &nbsp; &nbsp; &nbsp; DATUM<\/strong><\/span><\/p>\n<p><span style=\"color: #000000\">1. skupni roditeljski sestanek, oddel\u010dni sestanki&nbsp; &nbsp; &nbsp; &nbsp; &nbsp; &nbsp; &nbsp; &nbsp; &nbsp; &nbsp; &nbsp; &nbsp; &nbsp; &nbsp; &nbsp;16. 9. 2024 ob 17. uri<\/span><\/p>\n<p><span style=\"color: #000000\">2. skupni roditeljski sestanek&nbsp; &nbsp; &nbsp; &nbsp; &nbsp; &nbsp; &nbsp; &nbsp; &nbsp; &nbsp; &nbsp; &nbsp; &nbsp; &nbsp; &nbsp; &nbsp; &nbsp; &nbsp; &nbsp; &nbsp; &nbsp; &nbsp; &nbsp; &nbsp; &nbsp; &nbsp; &nbsp; &nbsp; &nbsp;od 3. 2. do 12. 2. 2025<\/span><\/p>\n<p><span style=\"color: #000000\">3. oddel\u010dni roditeljski sestanek&nbsp; &nbsp; &nbsp; &nbsp; &nbsp; &nbsp; &nbsp; &nbsp; &nbsp; &nbsp; &nbsp; &nbsp; &nbsp; &nbsp; &nbsp; &nbsp; &nbsp; &nbsp; &nbsp; &nbsp; &nbsp; &nbsp; &nbsp; &nbsp; &nbsp; &nbsp; maj (najkasneje do 15. 5. 2025)<\/span><\/p>\n<p><span style=\"color: #000000\"><strong><br \/>\nPROGRAM SODELOVANJA S STAR\u0160I<\/strong><\/span><\/p>\n<p><span style=\"color: #000000\"><strong><em>&#8211; roditeljski sestanki:<\/em><\/strong> skupni in razredni,<\/span><br \/>\n<span style=\"color: #000000\"> <strong><em>&#8211; govorilne ure:&nbsp;<\/em><\/strong>po dogovoru z razrednikom oziroma u\u010diteljem<\/span><br \/>\n<span style=\"color: #000000\"> <strong><em>&#8211; dnevi odprtih vrat,<br \/>\n&#8211; pisna obvestila star\u0161em,<br \/>\n&#8211; dru\u017eabna sre\u010danja u\u010dencev, star\u0161ev in u\u010diteljev.<\/em><\/strong><\/span><\/p>\n<\/div>\n<\/div>\n","protected":false},"excerpt":{"rendered":"<p>PROGRAM SODELOVANJA S STAR\u0160I Sodelovanje star\u0161ev s \u0161olo je za otrokov napredek zelo pomembno. \u017delimo, da redno obiskujete roditeljske sestanke in govorilne ure. Redno medsebojno obve\u0161\u010danje nam bo zagotavljalo uspe\u0161nej\u0161e u\u010dno in vzgojno delo in pravo\u010dasno ukrepanje v primeru u\u010dno-vzgojnih te\u017eav. V delo \u0161ole se star\u0161i vklju\u010dujejo preko sveta star\u0161ev, ki je posvetovalni organ ravnateljice [&hellip;]<\/p>\n","protected":false},"author":5469,"featured_media":0,"parent":288,"menu_order":0,"comment_status":"closed","ping_status":"closed","template":"","meta":{"_et_pb_use_builder":"","_et_pb_old_content":"","_et_gb_content_width":"","ngg_post_thumbnail":0,"footnotes":""},"class_list":["post-100","page","type-page","status-publish","hentry"],"_links":{"self":[{"href":"https:\/\/osmutaa.splet.arnes.si\/index.php?rest_route=\/wp\/v2\/pages\/100","targetHints":{"allow":["GET"]}}],"collection":[{"href":"https:\/\/osmutaa.splet.arnes.si\/index.php?rest_route=\/wp\/v2\/pages"}],"about":[{"href":"https:\/\/osmutaa.splet.arnes.si\/index.php?rest_route=\/wp\/v2\/types\/page"}],"author":[{"embeddable":true,"href":"https:\/\/osmutaa.splet.arnes.si\/index.php?rest_route=\/wp\/v2\/users\/5469"}],"replies":[{"embeddable":true,"href":"https:\/\/osmutaa.splet.arnes.si\/index.php?rest_route=%2Fwp%2Fv2%2Fcomments&post=100"}],"version-history":[{"count":15,"href":"https:\/\/osmutaa.splet.arnes.si\/index.php?rest_route=\/wp\/v2\/pages\/100\/revisions"}],"predecessor-version":[{"id":17505,"href":"https:\/\/osmutaa.splet.arnes.si\/index.php?rest_route=\/wp\/v2\/pages\/100\/revisions\/17505"}],"up":[{"embeddable":true,"href":"https:\/\/osmutaa.splet.arnes.si\/index.php?rest_route=\/wp\/v2\/pages\/288"}],"wp:attachment":[{"href":"https:\/\/osmutaa.splet.arnes.si\/index.php?rest_route=%2Fwp%2Fv2%2Fmedia&parent=100"}],"curies":[{"name":"wp","href":"https:\/\/api.w.org\/{rel}","templated":true}]}}